{"id":141,"date":"2018-06-21T13:02:20","date_gmt":"2018-06-21T13:02:20","guid":{"rendered":"https:\/\/intersofex.ro\/warning-systems\/?post_type=product&#038;p=141"},"modified":"2025-10-21T12:31:18","modified_gmt":"2025-10-21T12:31:18","slug":"proiector-impaxx","status":"publish","type":"product","link":"https:\/\/intersofex.ro\/warning-systems\/product\/proiector-impaxx\/","title":{"rendered":"IMPAXX"},"content":{"rendered":"<p>Descriere:<\/p>\n<p>Noile l\u0103mpi de avertizare ultracompacte \u0219i revolu\u021bionare, compuse din 6 LED-uri. Datorit\u0103 dimensiunilor reduse, greut\u0103\u021bii reduse, instal\u0103rii u\u0219oare \u0219i intensit\u0103\u021bii mari a luminii, seria Nanoled se rupe de produsele standard existente pe pia\u021b\u0103, dezv\u0103luind o instalare versatil\u0103 \u0219i sporind securitatea \u00een situa\u021bii de urgen\u021b\u0103.<\/p>\n<p>Caracteristici tehnice:<\/p>\n<p>Tensiune: 10-30 V<br \/>\nNum\u0103r de LED-uri: 6 (culoare unic\u0103 sau dubl\u0103)<br \/>\nConsum 12 V bli\u021b model: 0,75 A<br \/>\nConsum bli\u021b de 24 V: 0,45 A<br \/>\nModul flash (o singur\u0103 culoare): 7<br \/>\nModul flash (dubl\u0103 culoare): 16<br \/>\nTemperatura de func\u021bionare: -40 \u00b0 C p\u00e2n\u0103 la 80 \u00b0 C<br \/>\nDimensiuni (cu cadru): 107,5 x 27,5 x 9,3 mm<br \/>\nDimensiuni (f\u0103r\u0103 cadru): 104 x 24 x 9,3 mm<br \/>\nGreutate: 42 g<\/p>\n","protected":false},"excerpt":{"rendered":"<p>Descriere: Noile l\u0103mpi de avertizare ultracompacte \u0219i revolu\u021bionare, compuse din 6 LED-uri. Datorit\u0103 dimensiunilor reduse, greut\u0103\u021bii reduse, instal\u0103rii u\u0219oare \u0219i intensit\u0103\u021bii mari a luminii, seria Nanoled se rupe de produsele standard existente pe pia\u021b\u0103, dezv\u0103luind o instalare versatil\u0103 \u0219i sporind securitatea \u00een situa\u021bii de urgen\u021b\u0103. Caracteristici tehnice: Tensiune: 10-30 V Num\u0103r de LED-uri: 6 (culoare [&hellip;]<\/p>\n","protected":false},"featured_media":142,"comment_status":"open","ping_status":"closed","template":"","meta":{"_acf_changed":false,"_et_pb_use_builder":"","_et_pb_old_content":"","_et_gb_content_width":"","inline_featured_image":false},"product_brand":[],"product_cat":[19],"product_tag":[39,35],"class_list":{"0":"post-141","1":"product","2":"type-product","3":"status-publish","4":"has-post-thumbnail","6":"product_cat-proiectoare","7":"product_tag-impaxx","8":"product_tag-proiectoare","10":"first","11":"instock","12":"shipping-taxable","13":"product-type-simple"},"acf":[],"_links":{"self":[{"href":"https:\/\/intersofex.ro\/warning-systems\/wp-json\/wp\/v2\/product\/141","targetHints":{"allow":["GET"]}}],"collection":[{"href":"https:\/\/intersofex.ro\/warning-systems\/wp-json\/wp\/v2\/product"}],"about":[{"href":"https:\/\/intersofex.ro\/warning-systems\/wp-json\/wp\/v2\/types\/product"}],"replies":[{"embeddable":true,"href":"https:\/\/intersofex.ro\/warning-systems\/wp-json\/wp\/v2\/comments?post=141"}],"wp:featuredmedia":[{"embeddable":true,"href":"https:\/\/intersofex.ro\/warning-systems\/wp-json\/wp\/v2\/media\/142"}],"wp:attachment":[{"href":"https:\/\/intersofex.ro\/warning-systems\/wp-json\/wp\/v2\/media?parent=141"}],"wp:term":[{"taxonomy":"product_brand","embeddable":true,"href":"https:\/\/intersofex.ro\/warning-systems\/wp-json\/wp\/v2\/product_brand?post=141"},{"taxonomy":"product_cat","embeddable":true,"href":"https:\/\/intersofex.ro\/warning-systems\/wp-json\/wp\/v2\/product_cat?post=141"},{"taxonomy":"product_tag","embeddable":true,"href":"https:\/\/intersofex.ro\/warning-systems\/wp-json\/wp\/v2\/product_tag?post=141"}],"curies":[{"name":"wp","href":"https:\/\/api.w.org\/{rel}","templated":true}]}}