{"id":143,"date":"2018-06-21T13:03:42","date_gmt":"2018-06-21T13:03:42","guid":{"rendered":"https:\/\/intersofex.ro\/warning-systems\/?post_type=product&#038;p=143"},"modified":"2025-10-21T12:27:47","modified_gmt":"2025-10-21T12:27:47","slug":"proiector-ld116","status":"publish","type":"product","link":"https:\/\/intersofex.ro\/warning-systems\/product\/proiector-ld116\/","title":{"rendered":"LD116"},"content":{"rendered":"<p>Descriere:<\/p>\n<p>Federal Signal Vama prezint\u0103 versiunea modernizat\u0103 a l\u0103mpilor compacte LED pentru LD116 Advance Series, special concepute pentru vehicule de urgen\u021b\u0103.<\/p>\n<p>Caracteristici tehnice:<\/p>\n<p>Tensiune de lucru: 10-30 V<br \/>\nTemperatura de operare: -20\u00baC \/ 50\u00baC<br \/>\nDimensiuni: 109 X 79 X 22,5 mm<\/p>\n<p>&nbsp;<\/p>\n","protected":false},"excerpt":{"rendered":"<p>Descriere: Federal Signal Vama prezint\u0103 versiunea modernizat\u0103 a l\u0103mpilor compacte LED pentru LD116 Advance Series, special concepute pentru vehicule de urgen\u021b\u0103. Caracteristici tehnice: Tensiune de lucru: 10-30 V Temperatura de operare: -20\u00baC \/ 50\u00baC Dimensiuni: 109 X 79 X 22,5 mm &nbsp;<\/p>\n","protected":false},"featured_media":144,"comment_status":"open","ping_status":"closed","template":"","meta":{"_acf_changed":false,"_et_pb_use_builder":"","_et_pb_old_content":"","_et_gb_content_width":"","inline_featured_image":false},"product_brand":[],"product_cat":[19],"product_tag":[38,35],"class_list":{"0":"post-143","1":"product","2":"type-product","3":"status-publish","4":"has-post-thumbnail","6":"product_cat-proiectoare","7":"product_tag-ld116","8":"product_tag-proiectoare","10":"first","11":"instock","12":"shipping-taxable","13":"product-type-simple"},"acf":[],"_links":{"self":[{"href":"https:\/\/intersofex.ro\/warning-systems\/wp-json\/wp\/v2\/product\/143","targetHints":{"allow":["GET"]}}],"collection":[{"href":"https:\/\/intersofex.ro\/warning-systems\/wp-json\/wp\/v2\/product"}],"about":[{"href":"https:\/\/intersofex.ro\/warning-systems\/wp-json\/wp\/v2\/types\/product"}],"replies":[{"embeddable":true,"href":"https:\/\/intersofex.ro\/warning-systems\/wp-json\/wp\/v2\/comments?post=143"}],"wp:featuredmedia":[{"embeddable":true,"href":"https:\/\/intersofex.ro\/warning-systems\/wp-json\/wp\/v2\/media\/144"}],"wp:attachment":[{"href":"https:\/\/intersofex.ro\/warning-systems\/wp-json\/wp\/v2\/media?parent=143"}],"wp:term":[{"taxonomy":"product_brand","embeddable":true,"href":"https:\/\/intersofex.ro\/warning-systems\/wp-json\/wp\/v2\/product_brand?post=143"},{"taxonomy":"product_cat","embeddable":true,"href":"https:\/\/intersofex.ro\/warning-systems\/wp-json\/wp\/v2\/product_cat?post=143"},{"taxonomy":"product_tag","embeddable":true,"href":"https:\/\/intersofex.ro\/warning-systems\/wp-json\/wp\/v2\/product_tag?post=143"}],"curies":[{"name":"wp","href":"https:\/\/api.w.org\/{rel}","templated":true}]}}