{"id":145,"date":"2018-06-21T13:05:02","date_gmt":"2018-06-21T13:05:02","guid":{"rendered":"https:\/\/intersofex.ro\/warning-systems\/?post_type=product&#038;p=145"},"modified":"2025-10-21T12:24:54","modified_gmt":"2025-10-21T12:24:54","slug":"proiector-microled-advance","status":"publish","type":"product","link":"https:\/\/intersofex.ro\/warning-systems\/product\/proiector-microled-advance\/","title":{"rendered":"MICROLED ADVANCE"},"content":{"rendered":"<p>Descriere:<\/p>\n<p>Lampa de avertizare suplimentar\u0103 Microled Advance ofer\u0103 o securitate suplimentar\u0103 \u00een situa\u021bii de urgen\u021b\u0103 \u0219i ar putea fi instalat\u0103 aproape \u00een orice loc al tuturor tipurilor de vehicule de urgen\u021b\u0103: puntea spate, oglinzile retrovizoare, grilele, barele de protec\u021bie etc.<\/p>\n<p>Caracteristici tehnice:<\/p>\n<p>Tensiune: 10-30 V<br \/>\nNum\u0103rul de LED-uri: 3 x 2 W<br \/>\nGreutate: 80 g<br \/>\nDimensiuni: 106 x 46 x 25 mm<\/p>\n","protected":false},"excerpt":{"rendered":"<p>Descriere: Lampa de avertizare suplimentar\u0103 Microled Advance ofer\u0103 o securitate suplimentar\u0103 \u00een situa\u021bii de urgen\u021b\u0103 \u0219i ar putea fi instalat\u0103 aproape \u00een orice loc al tuturor tipurilor de vehicule de urgen\u021b\u0103: puntea spate, oglinzile retrovizoare, grilele, barele de protec\u021bie etc. Caracteristici tehnice: Tensiune: 10-30 V Num\u0103rul de LED-uri: 3 x 2 W Greutate: 80 g [&hellip;]<\/p>\n","protected":false},"featured_media":146,"comment_status":"open","ping_status":"closed","template":"","meta":{"_acf_changed":false,"_et_pb_use_builder":"","_et_pb_old_content":"","_et_gb_content_width":"","inline_featured_image":false},"product_brand":[],"product_cat":[19],"product_tag":[37,35],"class_list":{"0":"post-145","1":"product","2":"type-product","3":"status-publish","4":"has-post-thumbnail","6":"product_cat-proiectoare","7":"product_tag-microled-advance","8":"product_tag-proiectoare","10":"first","11":"instock","12":"shipping-taxable","13":"product-type-simple"},"acf":[],"_links":{"self":[{"href":"https:\/\/intersofex.ro\/warning-systems\/wp-json\/wp\/v2\/product\/145","targetHints":{"allow":["GET"]}}],"collection":[{"href":"https:\/\/intersofex.ro\/warning-systems\/wp-json\/wp\/v2\/product"}],"about":[{"href":"https:\/\/intersofex.ro\/warning-systems\/wp-json\/wp\/v2\/types\/product"}],"replies":[{"embeddable":true,"href":"https:\/\/intersofex.ro\/warning-systems\/wp-json\/wp\/v2\/comments?post=145"}],"wp:featuredmedia":[{"embeddable":true,"href":"https:\/\/intersofex.ro\/warning-systems\/wp-json\/wp\/v2\/media\/146"}],"wp:attachment":[{"href":"https:\/\/intersofex.ro\/warning-systems\/wp-json\/wp\/v2\/media?parent=145"}],"wp:term":[{"taxonomy":"product_brand","embeddable":true,"href":"https:\/\/intersofex.ro\/warning-systems\/wp-json\/wp\/v2\/product_brand?post=145"},{"taxonomy":"product_cat","embeddable":true,"href":"https:\/\/intersofex.ro\/warning-systems\/wp-json\/wp\/v2\/product_cat?post=145"},{"taxonomy":"product_tag","embeddable":true,"href":"https:\/\/intersofex.ro\/warning-systems\/wp-json\/wp\/v2\/product_tag?post=145"}],"curies":[{"name":"wp","href":"https:\/\/api.w.org\/{rel}","templated":true}]}}