{"id":147,"date":"2018-06-21T13:06:26","date_gmt":"2018-06-21T13:06:26","guid":{"rendered":"https:\/\/intersofex.ro\/warning-systems\/?post_type=product&#038;p=147"},"modified":"2025-10-21T12:15:25","modified_gmt":"2025-10-21T12:15:25","slug":"proiector-microled-plus","status":"publish","type":"product","link":"https:\/\/intersofex.ro\/warning-systems\/product\/proiector-microled-plus\/","title":{"rendered":"MICROLED PLUS"},"content":{"rendered":"<p>Descriere:<\/p>\n<p>MicroLed Plus este o lampa de lumin\u0103 LED ultra-compact\u0103 de \u00eenalt\u0103 intensitate, inspirat\u0103 de MicroLed Sputnik. Designul s\u0103u nou \u00eencorporeaz\u0103 cele mai recente progrese tehnologice \u0219i ofer\u0103 o luminozitate ridicat\u0103 \u00eembun\u0103t\u0103\u021bit\u0103, o capacitate mare de disipare \u0219i o etan\u0219eitate la ap\u0103. \u00cempreun\u0103 cu flasherul extern MLP-F4 MicroLED Plus respect\u0103 Regulamentul european R65, categoria X.<\/p>\n<p>Caracteristici tehnice:<\/p>\n<p>Tensiune: 10-30 V<br \/>\nConsumul mediu (Mod intermitent): 1,6 Amp (12V), 0,8 Amp (24V)<br \/>\nDimensiuni: 138 x 51 x 21 mm<\/p>\n","protected":false},"excerpt":{"rendered":"<p>Descriere: MicroLed Plus este o lampa de lumin\u0103 LED ultra-compact\u0103 de \u00eenalt\u0103 intensitate, inspirat\u0103 de MicroLed Sputnik. Designul s\u0103u nou \u00eencorporeaz\u0103 cele mai recente progrese tehnologice \u0219i ofer\u0103 o luminozitate ridicat\u0103 \u00eembun\u0103t\u0103\u021bit\u0103, o capacitate mare de disipare \u0219i o etan\u0219eitate la ap\u0103. \u00cempreun\u0103 cu flasherul extern MLP-F4 MicroLED Plus respect\u0103 Regulamentul european R65, categoria X. [&hellip;]<\/p>\n","protected":false},"featured_media":148,"comment_status":"open","ping_status":"closed","template":"","meta":{"_acf_changed":false,"_et_pb_use_builder":"","_et_pb_old_content":"","_et_gb_content_width":"","inline_featured_image":false},"product_brand":[],"product_cat":[19],"product_tag":[36,35],"class_list":{"0":"post-147","1":"product","2":"type-product","3":"status-publish","4":"has-post-thumbnail","6":"product_cat-proiectoare","7":"product_tag-microled-plus","8":"product_tag-proiectoare","10":"first","11":"instock","12":"shipping-taxable","13":"product-type-simple"},"acf":[],"_links":{"self":[{"href":"https:\/\/intersofex.ro\/warning-systems\/wp-json\/wp\/v2\/product\/147","targetHints":{"allow":["GET"]}}],"collection":[{"href":"https:\/\/intersofex.ro\/warning-systems\/wp-json\/wp\/v2\/product"}],"about":[{"href":"https:\/\/intersofex.ro\/warning-systems\/wp-json\/wp\/v2\/types\/product"}],"replies":[{"embeddable":true,"href":"https:\/\/intersofex.ro\/warning-systems\/wp-json\/wp\/v2\/comments?post=147"}],"wp:featuredmedia":[{"embeddable":true,"href":"https:\/\/intersofex.ro\/warning-systems\/wp-json\/wp\/v2\/media\/148"}],"wp:attachment":[{"href":"https:\/\/intersofex.ro\/warning-systems\/wp-json\/wp\/v2\/media?parent=147"}],"wp:term":[{"taxonomy":"product_brand","embeddable":true,"href":"https:\/\/intersofex.ro\/warning-systems\/wp-json\/wp\/v2\/product_brand?post=147"},{"taxonomy":"product_cat","embeddable":true,"href":"https:\/\/intersofex.ro\/warning-systems\/wp-json\/wp\/v2\/product_cat?post=147"},{"taxonomy":"product_tag","embeddable":true,"href":"https:\/\/intersofex.ro\/warning-systems\/wp-json\/wp\/v2\/product_tag?post=147"}],"curies":[{"name":"wp","href":"https:\/\/api.w.org\/{rel}","templated":true}]}}