{"id":170,"date":"2018-07-05T12:14:12","date_gmt":"2018-07-05T12:14:12","guid":{"rendered":"https:\/\/intersofex.ro\/warning-systems\/?post_type=product&#038;p=170"},"modified":"2025-10-21T11:22:50","modified_gmt":"2025-10-21T11:22:50","slug":"girofar-le106","status":"publish","type":"product","link":"https:\/\/intersofex.ro\/warning-systems\/product\/girofar-le106\/","title":{"rendered":"LE106"},"content":{"rendered":"<p>DESCRIERE:<\/p>\n<p>Seria LE106 este compus\u0103 din urm\u0103toarele modele:<br \/>\nLE106DCH: Girofar stroboscopic, op\u021biune de func\u021bionare sincronizat\u0103, intensitate sc\u0103zut\u0103, lumin\u0103 de croazier\u0103 op\u021bional\u0103 \u0219i montare permanent\u0103.<br \/>\nLE106CH \/ MAG: Girofar stroboscopic cu suport magnetic, supape de aspira\u021bie \u0219i dop de \u021bigar\u0103.<br \/>\nLE106HE: Girofar stroboscopic cu montaj permanent si lentila dubla.<\/p>\n<p>CARACTERISTICI TEHNICE:<\/p>\n<p>Tensiune: Bitension (12\/24 V)<br \/>\nConsumul mediu: 12V 2.3A &#8211; 24V 1.4A<br \/>\nLamp\u0103 stroboscopic\u0103: 35W<br \/>\nDimensiuni: 165 (Diametru) x 158 mm<br \/>\nGreutate: 800 g<\/p>\n","protected":false},"excerpt":{"rendered":"<p>DESCRIERE: Seria LE106 este compus\u0103 din urm\u0103toarele modele: LE106DCH: Girofar stroboscopic, op\u021biune de func\u021bionare sincronizat\u0103, intensitate sc\u0103zut\u0103, lumin\u0103 de croazier\u0103 op\u021bional\u0103 \u0219i montare permanent\u0103. LE106CH \/ MAG: Girofar stroboscopic cu suport magnetic, supape de aspira\u021bie \u0219i dop de \u021bigar\u0103. LE106HE: Girofar stroboscopic cu montaj permanent si lentila dubla. CARACTERISTICI TEHNICE: Tensiune: Bitension (12\/24 V) Consumul [&hellip;]<\/p>\n","protected":false},"featured_media":171,"comment_status":"open","ping_status":"closed","template":"","meta":{"_acf_changed":false,"_et_pb_use_builder":"","_et_pb_old_content":"","_et_gb_content_width":"","inline_featured_image":false},"product_brand":[],"product_cat":[18],"product_tag":[31,33],"class_list":{"0":"post-170","1":"product","2":"type-product","3":"status-publish","4":"has-post-thumbnail","6":"product_cat-girofaruri","7":"product_tag-girofaruri","8":"product_tag-le106","10":"first","11":"instock","12":"shipping-taxable","13":"product-type-simple"},"acf":[],"_links":{"self":[{"href":"https:\/\/intersofex.ro\/warning-systems\/wp-json\/wp\/v2\/product\/170","targetHints":{"allow":["GET"]}}],"collection":[{"href":"https:\/\/intersofex.ro\/warning-systems\/wp-json\/wp\/v2\/product"}],"about":[{"href":"https:\/\/intersofex.ro\/warning-systems\/wp-json\/wp\/v2\/types\/product"}],"replies":[{"embeddable":true,"href":"https:\/\/intersofex.ro\/warning-systems\/wp-json\/wp\/v2\/comments?post=170"}],"wp:featuredmedia":[{"embeddable":true,"href":"https:\/\/intersofex.ro\/warning-systems\/wp-json\/wp\/v2\/media\/171"}],"wp:attachment":[{"href":"https:\/\/intersofex.ro\/warning-systems\/wp-json\/wp\/v2\/media?parent=170"}],"wp:term":[{"taxonomy":"product_brand","embeddable":true,"href":"https:\/\/intersofex.ro\/warning-systems\/wp-json\/wp\/v2\/product_brand?post=170"},{"taxonomy":"product_cat","embeddable":true,"href":"https:\/\/intersofex.ro\/warning-systems\/wp-json\/wp\/v2\/product_cat?post=170"},{"taxonomy":"product_tag","embeddable":true,"href":"https:\/\/intersofex.ro\/warning-systems\/wp-json\/wp\/v2\/product_tag?post=170"}],"curies":[{"name":"wp","href":"https:\/\/api.w.org\/{rel}","templated":true}]}}