{"id":172,"date":"2018-07-05T12:16:30","date_gmt":"2018-07-05T12:16:30","guid":{"rendered":"https:\/\/intersofex.ro\/warning-systems\/?post_type=product&#038;p=172"},"modified":"2025-10-21T11:21:25","modified_gmt":"2025-10-21T11:21:25","slug":"girofar-geminis","status":"publish","type":"product","link":"https:\/\/intersofex.ro\/warning-systems\/product\/girofar-geminis\/","title":{"rendered":"GEMINIS"},"content":{"rendered":"<p>DESCRIERE:<\/p>\n<p>Noua lumin\u0103 de avertizare cu dubl\u0103 culoare Geminis Series, o lumin\u0103 prioritar\u0103 omnidirec\u021bional\u0103, cu o singur\u0103 culoare \u0219i dual color, cu tehnologie LED, care permite combinarea a dou\u0103 culori \u00eentre albastru-chihlimbar, albastru-ro\u0219u \u0219i chihlimbar. \u00cen plus, toate modelele pot fi alese cu montare permanent\u0103 sau magnetic\u0103 DIN. Aprinderea luminii Geminis se poate face cu o singur\u0103 m\u00e2n\u0103, pentru a u\u0219ura utilizarea \u00een toate situa\u021biile de urgen\u021b\u0103.<\/p>\n<p>CARACTERISTICI TEHNICE:<\/p>\n<p>Tensiune: multivoltage 10-30V<br \/>\nTEMPERATURA DE OPERARE: -30 la +60 \u00b0 C<br \/>\nConsumul mediu: albastru \u0219i chihlimbar 5.2A, ro\u0219u 4.4A (12V)<br \/>\nCuloare leduri: albastru, chihlimbar \u0219i ro\u0219u<br \/>\nCuloare lentile: clare<br \/>\nDimensiuni: permanent 168 x diametru 129 mm, magnetic 147 x diametru 118 mm<br \/>\nGreutate: permanente 1,011 gr, magnetice 1,210 gr<\/p>\n","protected":false},"excerpt":{"rendered":"<p>DESCRIERE: Noua lumin\u0103 de avertizare cu dubl\u0103 culoare Geminis Series, o lumin\u0103 prioritar\u0103 omnidirec\u021bional\u0103, cu o singur\u0103 culoare \u0219i dual color, cu tehnologie LED, care permite combinarea a dou\u0103 culori \u00eentre albastru-chihlimbar, albastru-ro\u0219u \u0219i chihlimbar. \u00cen plus, toate modelele pot fi alese cu montare permanent\u0103 sau magnetic\u0103 DIN. Aprinderea luminii Geminis se poate face cu [&hellip;]<\/p>\n","protected":false},"featured_media":173,"comment_status":"open","ping_status":"closed","template":"","meta":{"_acf_changed":false,"_et_pb_use_builder":"","_et_pb_old_content":"","_et_gb_content_width":"","inline_featured_image":false},"product_brand":[],"product_cat":[18],"product_tag":[32,31],"class_list":{"0":"post-172","1":"product","2":"type-product","3":"status-publish","4":"has-post-thumbnail","6":"product_cat-girofaruri","7":"product_tag-geminis","8":"product_tag-girofaruri","10":"first","11":"instock","12":"shipping-taxable","13":"product-type-simple"},"acf":[],"_links":{"self":[{"href":"https:\/\/intersofex.ro\/warning-systems\/wp-json\/wp\/v2\/product\/172","targetHints":{"allow":["GET"]}}],"collection":[{"href":"https:\/\/intersofex.ro\/warning-systems\/wp-json\/wp\/v2\/product"}],"about":[{"href":"https:\/\/intersofex.ro\/warning-systems\/wp-json\/wp\/v2\/types\/product"}],"replies":[{"embeddable":true,"href":"https:\/\/intersofex.ro\/warning-systems\/wp-json\/wp\/v2\/comments?post=172"}],"wp:featuredmedia":[{"embeddable":true,"href":"https:\/\/intersofex.ro\/warning-systems\/wp-json\/wp\/v2\/media\/173"}],"wp:attachment":[{"href":"https:\/\/intersofex.ro\/warning-systems\/wp-json\/wp\/v2\/media?parent=172"}],"wp:term":[{"taxonomy":"product_brand","embeddable":true,"href":"https:\/\/intersofex.ro\/warning-systems\/wp-json\/wp\/v2\/product_brand?post=172"},{"taxonomy":"product_cat","embeddable":true,"href":"https:\/\/intersofex.ro\/warning-systems\/wp-json\/wp\/v2\/product_cat?post=172"},{"taxonomy":"product_tag","embeddable":true,"href":"https:\/\/intersofex.ro\/warning-systems\/wp-json\/wp\/v2\/product_tag?post=172"}],"curies":[{"name":"wp","href":"https:\/\/api.w.org\/{rel}","templated":true}]}}