{"id":174,"date":"2018-07-05T12:18:46","date_gmt":"2018-07-05T12:18:46","guid":{"rendered":"https:\/\/intersofex.ro\/warning-systems\/?post_type=product&#038;p=174"},"modified":"2025-10-22T10:28:32","modified_gmt":"2025-10-22T10:28:32","slug":"girofar-lm400","status":"publish","type":"product","link":"https:\/\/intersofex.ro\/warning-systems\/product\/girofar-lm400\/","title":{"rendered":"LM400"},"content":{"rendered":"<p>DESCRIERE:<\/p>\n<p>Modelul LM400 Solaris dispune de un kit de montare magnetic\u0103 cu 2 magne\u021bi (cu silicon anti-zg\u00e2riere) \u0219i 2 cupe de aspira\u021bie. Acesta include o muf\u0103 pentru brichet\u0103 pentru o conexiune u\u0219oara la surs\u0103 de alimentare.<br \/>\nAcest girofar cu LED este ideal pentru vehiculele de poli\u021bie sub acoperire.<\/p>\n<p>CARACTERISTICI TEHNICE:<\/p>\n<p>Tensiune: 12 V \/ 10-30 V<br \/>\nTemperatura de operare: -20\u00baC la 50\u00baC<br \/>\nTehnologie de lumin\u0103: Solaris<br \/>\nCulorile LED: albastru, rosu, chihlimbar \u0219i verde<br \/>\nCulorile obiectivului: Albastru sau clar<br \/>\nDimensiuni: 140 mm (diamod\u0103) 147 mm (diamant) 80 mm (\u00een\u0103l\u021bime)<br \/>\nGreutate: 616 g<\/p>\n","protected":false},"excerpt":{"rendered":"<p>DESCRIERE: Modelul LM400 Solaris dispune de un kit de montare magnetic\u0103 cu 2 magne\u021bi (cu silicon anti-zg\u00e2riere) \u0219i 2 cupe de aspira\u021bie. Acesta include o muf\u0103 pentru brichet\u0103 pentru o conexiune u\u0219oara la surs\u0103 de alimentare. Acest girofar cu LED este ideal pentru vehiculele de poli\u021bie sub acoperire. CARACTERISTICI TEHNICE: Tensiune: 12 V \/ 10-30 [&hellip;]<\/p>\n","protected":false},"featured_media":175,"comment_status":"open","ping_status":"closed","template":"","meta":{"_acf_changed":false,"_et_pb_use_builder":"","_et_pb_old_content":"","_et_gb_content_width":"","inline_featured_image":false},"product_brand":[],"product_cat":[18],"product_tag":[31,60],"class_list":{"0":"post-174","1":"product","2":"type-product","3":"status-publish","4":"has-post-thumbnail","6":"product_cat-girofaruri","7":"product_tag-girofaruri","8":"product_tag-lm400","10":"first","11":"instock","12":"shipping-taxable","13":"product-type-simple"},"acf":[],"_links":{"self":[{"href":"https:\/\/intersofex.ro\/warning-systems\/wp-json\/wp\/v2\/product\/174","targetHints":{"allow":["GET"]}}],"collection":[{"href":"https:\/\/intersofex.ro\/warning-systems\/wp-json\/wp\/v2\/product"}],"about":[{"href":"https:\/\/intersofex.ro\/warning-systems\/wp-json\/wp\/v2\/types\/product"}],"replies":[{"embeddable":true,"href":"https:\/\/intersofex.ro\/warning-systems\/wp-json\/wp\/v2\/comments?post=174"}],"wp:featuredmedia":[{"embeddable":true,"href":"https:\/\/intersofex.ro\/warning-systems\/wp-json\/wp\/v2\/media\/175"}],"wp:attachment":[{"href":"https:\/\/intersofex.ro\/warning-systems\/wp-json\/wp\/v2\/media?parent=174"}],"wp:term":[{"taxonomy":"product_brand","embeddable":true,"href":"https:\/\/intersofex.ro\/warning-systems\/wp-json\/wp\/v2\/product_brand?post=174"},{"taxonomy":"product_cat","embeddable":true,"href":"https:\/\/intersofex.ro\/warning-systems\/wp-json\/wp\/v2\/product_cat?post=174"},{"taxonomy":"product_tag","embeddable":true,"href":"https:\/\/intersofex.ro\/warning-systems\/wp-json\/wp\/v2\/product_tag?post=174"}],"curies":[{"name":"wp","href":"https:\/\/api.w.org\/{rel}","templated":true}]}}